{"id":23,"date":"2013-03-20T15:12:38","date_gmt":"2013-03-20T15:12:38","guid":{"rendered":"http:\/\/wp.red-sky.pl\/wordpress\/revoke\/?page_id=23"},"modified":"2025-04-09T12:55:49","modified_gmt":"2025-04-09T10:55:49","slug":"contatti","status":"publish","type":"page","link":"https:\/\/www.ecodellesirenetour.it\/es\/contatti\/","title":{"rendered":"Contactos"},"content":{"rendered":"<p>Contactos:<br \/>\nValentina:\u00a0<a href=\"tel:+393278410806\">+39 327 841 0806<\/a><\/p>\n<p>E-mail:\u00a0<a href=\"mailto:ecodellesirene@gmail.com\">ecodellesirene@gmail.com<\/a><\/p>\n<p><form class=\"contactForm\" action=\"\" style=\"\">\n            <div class=\"contactFormTitle font1\">Llene el siguiente formulario para enviarnos un e-mail<input name=\"action\" type=\"hidden\" value=\"revoke_contact\" \/>\n            <\/div>\n            <fieldset class=\"contactFormDetails\">\n                <input type=\"text\" name=\"input-name\" value=\"\" placeholder=\"Nombre\">\n                <input type=\"text\" name=\"input-email\" value=\"\" placeholder=\"E-mail\">\n            <\/fieldset>\n            <fieldset class=\"contactFormMessage\">\n                <textarea rows=\"\" cols=\"\" name=\"input-message\" placeholder=\"Escribe tu mensaje aqu\u00ed.\"><\/textarea>\n            <\/fieldset>\n\t\t\t<div style=\"float: left;\">\n\t\t\tEste formulario recoge su nombre, su correo electronico y su mensaje. Para m\u00e1s informaci\u00f3n, vea nuestra p\u00e1gina web de <a href=\"\/privacy-policy\/\">privacy policy<\/a>.<br \/><br \/><input type=\"checkbox\" name=\"acceptance-112\" value=\"1\" aria-invalid=\"false\"> Acepto el almacenamiento de mis datos.\n\t\t\t<\/div>\n            <fieldset class=\"contactFormButtons\">\n                <input type=\"submit\" value=\"Enviar\">\n            <\/fieldset>\n        <\/form>\n        <div class=\"contactResult\"><\/div><\/p>","protected":false},"excerpt":{"rendered":"<p>Contactos: Valentina:\u00a0+39 327 841 0806 E-mail:\u00a0ecodellesirene@gmail.com<\/p>\n","protected":false},"author":1,"featured_media":0,"parent":0,"menu_order":0,"comment_status":"closed","ping_status":"closed","template":"","meta":{"footnotes":""},"class_list":["post-23","page","type-page","status-publish","hentry"],"yoast_head":"<!-- This site is optimized with the Yoast SEO plugin v27.1.1 - https:\/\/yoast.com\/product\/yoast-seo-wordpress\/ -->\n<title>Contactos &#8902; L&#039;eco delle sirene<\/title>\n<meta name=\"robots\" content=\"index, follow, max-snippet:-1, max-image-preview:large, max-video-preview:-1\" \/>\n<link rel=\"canonical\" href=\"https:\/\/www.ecodellesirenetour.it\/contatti\/\" \/>\n<meta property=\"og:locale\" content=\"es_ES\" \/>\n<meta property=\"og:type\" content=\"article\" \/>\n<meta property=\"og:title\" content=\"Contactos &#8902; L&#039;eco delle sirene\" \/>\n<meta property=\"og:description\" content=\"Contactos: Valentina:\u00a0+39 327 841 0806 E-mail:\u00a0ecodellesirene@gmail.com\" \/>\n<meta property=\"og:url\" content=\"https:\/\/www.ecodellesirenetour.it\/contatti\/\" \/>\n<meta property=\"og:site_name\" content=\"L&#039;eco delle sirene\" \/>\n<meta property=\"article:modified_time\" content=\"2025-04-09T10:55:49+00:00\" \/>\n<meta name=\"twitter:card\" content=\"summary_large_image\" \/>\n<meta name=\"twitter:label1\" content=\"Tiempo de lectura\" \/>\n\t<meta name=\"twitter:data1\" content=\"1 minuto\" \/>\n<script type=\"application\/ld+json\" class=\"yoast-schema-graph\">{\"@context\":\"https:\/\/schema.org\",\"@graph\":[{\"@type\":\"WebPage\",\"@id\":\"https:\/\/www.ecodellesirenetour.it\/contatti\/\",\"url\":\"https:\/\/www.ecodellesirenetour.it\/contatti\/\",\"name\":\"Contactos &#8902; L&#039;eco delle sirene\",\"isPartOf\":{\"@id\":\"https:\/\/www.ecodellesirenetour.it\/#website\"},\"datePublished\":\"2013-03-20T15:12:38+00:00\",\"dateModified\":\"2025-04-09T10:55:49+00:00\",\"breadcrumb\":{\"@id\":\"https:\/\/www.ecodellesirenetour.it\/contatti\/#breadcrumb\"},\"inLanguage\":\"es\",\"potentialAction\":[{\"@type\":\"ReadAction\",\"target\":[\"https:\/\/www.ecodellesirenetour.it\/contatti\/\"]}]},{\"@type\":\"BreadcrumbList\",\"@id\":\"https:\/\/www.ecodellesirenetour.it\/contatti\/#breadcrumb\",\"itemListElement\":[{\"@type\":\"ListItem\",\"position\":1,\"name\":\"Home\",\"item\":\"https:\/\/www.ecodellesirenetour.it\/\"},{\"@type\":\"ListItem\",\"position\":2,\"name\":\"Contatti\"}]},{\"@type\":\"WebSite\",\"@id\":\"https:\/\/www.ecodellesirenetour.it\/#website\",\"url\":\"https:\/\/www.ecodellesirenetour.it\/\",\"name\":\"L&#039;eco delle sirene\",\"description\":\"Guide Turistiche a Napoli e dintorni\",\"publisher\":{\"@id\":\"https:\/\/www.ecodellesirenetour.it\/#\/schema\/person\/357138cbe00853e64961176e4b1494a4\"},\"potentialAction\":[{\"@type\":\"SearchAction\",\"target\":{\"@type\":\"EntryPoint\",\"urlTemplate\":\"https:\/\/www.ecodellesirenetour.it\/?s={search_term_string}\"},\"query-input\":{\"@type\":\"PropertyValueSpecification\",\"valueRequired\":true,\"valueName\":\"search_term_string\"}}],\"inLanguage\":\"es\"},{\"@type\":[\"Person\",\"Organization\"],\"@id\":\"https:\/\/www.ecodellesirenetour.it\/#\/schema\/person\/357138cbe00853e64961176e4b1494a4\",\"name\":\"L'eco delle sirene\",\"image\":{\"@type\":\"ImageObject\",\"inLanguage\":\"es\",\"@id\":\"https:\/\/www.ecodellesirenetour.it\/#\/schema\/person\/image\/\",\"url\":\"https:\/\/secure.gravatar.com\/avatar\/fd31534ea0dd0c7a7647dc3ffa50867b1d504f5ff593ff0de7df938950ca3f6d?s=96&d=mm&r=g\",\"contentUrl\":\"https:\/\/secure.gravatar.com\/avatar\/fd31534ea0dd0c7a7647dc3ffa50867b1d504f5ff593ff0de7df938950ca3f6d?s=96&d=mm&r=g\",\"caption\":\"L'eco delle sirene\"},\"logo\":{\"@id\":\"https:\/\/www.ecodellesirenetour.it\/#\/schema\/person\/image\/\"}}]}<\/script>\n<!-- \/ Yoast SEO plugin. -->","yoast_head_json":{"title":"Contactos &#8902; L&#039;eco delle sirene","robots":{"index":"index","follow":"follow","max-snippet":"max-snippet:-1","max-image-preview":"max-image-preview:large","max-video-preview":"max-video-preview:-1"},"canonical":"https:\/\/www.ecodellesirenetour.it\/contatti\/","og_locale":"es_ES","og_type":"article","og_title":"Contactos &#8902; L&#039;eco delle sirene","og_description":"Contactos: Valentina:\u00a0+39 327 841 0806 E-mail:\u00a0ecodellesirene@gmail.com","og_url":"https:\/\/www.ecodellesirenetour.it\/contatti\/","og_site_name":"L&#039;eco delle sirene","article_modified_time":"2025-04-09T10:55:49+00:00","twitter_card":"summary_large_image","twitter_misc":{"Tiempo de lectura":"1 minuto"},"schema":{"@context":"https:\/\/schema.org","@graph":[{"@type":"WebPage","@id":"https:\/\/www.ecodellesirenetour.it\/contatti\/","url":"https:\/\/www.ecodellesirenetour.it\/contatti\/","name":"Contactos &#8902; L&#039;eco delle sirene","isPartOf":{"@id":"https:\/\/www.ecodellesirenetour.it\/#website"},"datePublished":"2013-03-20T15:12:38+00:00","dateModified":"2025-04-09T10:55:49+00:00","breadcrumb":{"@id":"https:\/\/www.ecodellesirenetour.it\/contatti\/#breadcrumb"},"inLanguage":"es","potentialAction":[{"@type":"ReadAction","target":["https:\/\/www.ecodellesirenetour.it\/contatti\/"]}]},{"@type":"BreadcrumbList","@id":"https:\/\/www.ecodellesirenetour.it\/contatti\/#breadcrumb","itemListElement":[{"@type":"ListItem","position":1,"name":"Home","item":"https:\/\/www.ecodellesirenetour.it\/"},{"@type":"ListItem","position":2,"name":"Contatti"}]},{"@type":"WebSite","@id":"https:\/\/www.ecodellesirenetour.it\/#website","url":"https:\/\/www.ecodellesirenetour.it\/","name":"L&#039;eco delle sirene","description":"Guide Turistiche a Napoli e dintorni","publisher":{"@id":"https:\/\/www.ecodellesirenetour.it\/#\/schema\/person\/357138cbe00853e64961176e4b1494a4"},"potentialAction":[{"@type":"SearchAction","target":{"@type":"EntryPoint","urlTemplate":"https:\/\/www.ecodellesirenetour.it\/?s={search_term_string}"},"query-input":{"@type":"PropertyValueSpecification","valueRequired":true,"valueName":"search_term_string"}}],"inLanguage":"es"},{"@type":["Person","Organization"],"@id":"https:\/\/www.ecodellesirenetour.it\/#\/schema\/person\/357138cbe00853e64961176e4b1494a4","name":"L'eco delle sirene","image":{"@type":"ImageObject","inLanguage":"es","@id":"https:\/\/www.ecodellesirenetour.it\/#\/schema\/person\/image\/","url":"https:\/\/secure.gravatar.com\/avatar\/fd31534ea0dd0c7a7647dc3ffa50867b1d504f5ff593ff0de7df938950ca3f6d?s=96&d=mm&r=g","contentUrl":"https:\/\/secure.gravatar.com\/avatar\/fd31534ea0dd0c7a7647dc3ffa50867b1d504f5ff593ff0de7df938950ca3f6d?s=96&d=mm&r=g","caption":"L'eco delle sirene"},"logo":{"@id":"https:\/\/www.ecodellesirenetour.it\/#\/schema\/person\/image\/"}}]}},"_links":{"self":[{"href":"https:\/\/www.ecodellesirenetour.it\/es\/wp-json\/wp\/v2\/pages\/23","targetHints":{"allow":["GET"]}}],"collection":[{"href":"https:\/\/www.ecodellesirenetour.it\/es\/wp-json\/wp\/v2\/pages"}],"about":[{"href":"https:\/\/www.ecodellesirenetour.it\/es\/wp-json\/wp\/v2\/types\/page"}],"author":[{"embeddable":true,"href":"https:\/\/www.ecodellesirenetour.it\/es\/wp-json\/wp\/v2\/users\/1"}],"replies":[{"embeddable":true,"href":"https:\/\/www.ecodellesirenetour.it\/es\/wp-json\/wp\/v2\/comments?post=23"}],"version-history":[{"count":14,"href":"https:\/\/www.ecodellesirenetour.it\/es\/wp-json\/wp\/v2\/pages\/23\/revisions"}],"predecessor-version":[{"id":4791,"href":"https:\/\/www.ecodellesirenetour.it\/es\/wp-json\/wp\/v2\/pages\/23\/revisions\/4791"}],"wp:attachment":[{"href":"https:\/\/www.ecodellesirenetour.it\/es\/wp-json\/wp\/v2\/media?parent=23"}],"curies":[{"name":"wp","href":"https:\/\/api.w.org\/{rel}","templated":true}]}}