{"id":899,"date":"2018-10-07T13:35:05","date_gmt":"2018-10-07T11:35:05","guid":{"rendered":"http:\/\/www.ecodellesirenetour.it\/?page_id=899"},"modified":"2018-10-07T13:36:14","modified_gmt":"2018-10-07T11:36:14","slug":"tour-di-gruppo","status":"publish","type":"page","link":"https:\/\/www.ecodellesirenetour.it\/es\/tour-di-gruppo\/","title":{"rendered":"Tour en grupo"},"content":{"rendered":"<p>Se necesita un\u00a0m\u00ednimo de participantes\u00a0para poder realizar la\u00a0visita\u00a0de grupo. Si est\u00e1 interesado, env\u00ede una solicitud especificando tours, n\u00famero de personas y d\u00edas disponibles. El precio ser\u00e1 a partir de \u20ac15 por persona y se determinar\u00e1 bas\u00e1ndose en el n\u00famero de solicitudes recibidas.<\/p>\n<p>La reserva no es vinculante, si el grupo se forma nos pondremos en contacto con usted para indicar los detalles y recibir una confirmaci\u00f3n.<\/p>","protected":false},"excerpt":{"rendered":"<p>Se necesita un\u00a0m\u00ednimo de participantes\u00a0para poder realizar la\u00a0visita\u00a0de grupo. Si est\u00e1 interesado, env\u00ede una solicitud especificando tours, n\u00famero de personas y d\u00edas disponibles. El precio ser\u00e1 a partir de \u20ac15 por persona y se determinar\u00e1 bas\u00e1ndose en el n\u00famero de solicitudes recibidas. La reserva no es vinculante, si el grupo se forma nos pondremos en<\/p>\n","protected":false},"author":1,"featured_media":0,"parent":0,"menu_order":0,"comment_status":"closed","ping_status":"closed","template":"","meta":{"footnotes":""},"class_list":["post-899","page","type-page","status-publish","hentry"],"yoast_head":"<!-- This site is optimized with the Yoast SEO plugin v27.1.1 - https:\/\/yoast.com\/product\/yoast-seo-wordpress\/ -->\n<title>Tour en grupo &#8902; L&#039;eco delle sirene<\/title>\n<meta name=\"robots\" content=\"index, follow, max-snippet:-1, max-image-preview:large, max-video-preview:-1\" \/>\n<link rel=\"canonical\" href=\"https:\/\/www.ecodellesirenetour.it\/tour-di-gruppo\/\" \/>\n<meta property=\"og:locale\" content=\"es_ES\" \/>\n<meta property=\"og:type\" content=\"article\" \/>\n<meta property=\"og:title\" content=\"Tour en grupo &#8902; L&#039;eco delle sirene\" \/>\n<meta property=\"og:description\" content=\"Se necesita un\u00a0m\u00ednimo de participantes\u00a0para poder realizar la\u00a0visita\u00a0de grupo. Si est\u00e1 interesado, env\u00ede una solicitud especificando tours, n\u00famero de personas y d\u00edas disponibles. El precio ser\u00e1 a partir de \u20ac15 por persona y se determinar\u00e1 bas\u00e1ndose en el n\u00famero de solicitudes recibidas. La reserva no es vinculante, si el grupo se forma nos pondremos en\" \/>\n<meta property=\"og:url\" content=\"https:\/\/www.ecodellesirenetour.it\/tour-di-gruppo\/\" \/>\n<meta property=\"og:site_name\" content=\"L&#039;eco delle sirene\" \/>\n<meta property=\"article:modified_time\" content=\"2018-10-07T11:36:14+00:00\" \/>\n<meta name=\"twitter:card\" content=\"summary_large_image\" \/>\n<meta name=\"twitter:label1\" content=\"Tiempo de lectura\" \/>\n\t<meta name=\"twitter:data1\" content=\"1 minuto\" \/>\n<script type=\"application\/ld+json\" class=\"yoast-schema-graph\">{\"@context\":\"https:\/\/schema.org\",\"@graph\":[{\"@type\":\"WebPage\",\"@id\":\"https:\/\/www.ecodellesirenetour.it\/tour-di-gruppo\/\",\"url\":\"https:\/\/www.ecodellesirenetour.it\/tour-di-gruppo\/\",\"name\":\"Tour en grupo &#8902; L&#039;eco delle sirene\",\"isPartOf\":{\"@id\":\"https:\/\/www.ecodellesirenetour.it\/#website\"},\"datePublished\":\"2018-10-07T11:35:05+00:00\",\"dateModified\":\"2018-10-07T11:36:14+00:00\",\"breadcrumb\":{\"@id\":\"https:\/\/www.ecodellesirenetour.it\/tour-di-gruppo\/#breadcrumb\"},\"inLanguage\":\"es\",\"potentialAction\":[{\"@type\":\"ReadAction\",\"target\":[\"https:\/\/www.ecodellesirenetour.it\/tour-di-gruppo\/\"]}]},{\"@type\":\"BreadcrumbList\",\"@id\":\"https:\/\/www.ecodellesirenetour.it\/tour-di-gruppo\/#breadcrumb\",\"itemListElement\":[{\"@type\":\"ListItem\",\"position\":1,\"name\":\"Home\",\"item\":\"https:\/\/www.ecodellesirenetour.it\/\"},{\"@type\":\"ListItem\",\"position\":2,\"name\":\"Tour di gruppo\"}]},{\"@type\":\"WebSite\",\"@id\":\"https:\/\/www.ecodellesirenetour.it\/#website\",\"url\":\"https:\/\/www.ecodellesirenetour.it\/\",\"name\":\"L&#039;eco delle sirene\",\"description\":\"Guide Turistiche a Napoli e dintorni\",\"publisher\":{\"@id\":\"https:\/\/www.ecodellesirenetour.it\/#\/schema\/person\/357138cbe00853e64961176e4b1494a4\"},\"potentialAction\":[{\"@type\":\"SearchAction\",\"target\":{\"@type\":\"EntryPoint\",\"urlTemplate\":\"https:\/\/www.ecodellesirenetour.it\/?s={search_term_string}\"},\"query-input\":{\"@type\":\"PropertyValueSpecification\",\"valueRequired\":true,\"valueName\":\"search_term_string\"}}],\"inLanguage\":\"es\"},{\"@type\":[\"Person\",\"Organization\"],\"@id\":\"https:\/\/www.ecodellesirenetour.it\/#\/schema\/person\/357138cbe00853e64961176e4b1494a4\",\"name\":\"L'eco delle sirene\",\"image\":{\"@type\":\"ImageObject\",\"inLanguage\":\"es\",\"@id\":\"https:\/\/www.ecodellesirenetour.it\/#\/schema\/person\/image\/\",\"url\":\"https:\/\/secure.gravatar.com\/avatar\/fd31534ea0dd0c7a7647dc3ffa50867b1d504f5ff593ff0de7df938950ca3f6d?s=96&d=mm&r=g\",\"contentUrl\":\"https:\/\/secure.gravatar.com\/avatar\/fd31534ea0dd0c7a7647dc3ffa50867b1d504f5ff593ff0de7df938950ca3f6d?s=96&d=mm&r=g\",\"caption\":\"L'eco delle sirene\"},\"logo\":{\"@id\":\"https:\/\/www.ecodellesirenetour.it\/#\/schema\/person\/image\/\"}}]}<\/script>\n<!-- \/ Yoast SEO plugin. -->","yoast_head_json":{"title":"Tour en grupo &#8902; L&#039;eco delle sirene","robots":{"index":"index","follow":"follow","max-snippet":"max-snippet:-1","max-image-preview":"max-image-preview:large","max-video-preview":"max-video-preview:-1"},"canonical":"https:\/\/www.ecodellesirenetour.it\/tour-di-gruppo\/","og_locale":"es_ES","og_type":"article","og_title":"Tour en grupo &#8902; L&#039;eco delle sirene","og_description":"Se necesita un\u00a0m\u00ednimo de participantes\u00a0para poder realizar la\u00a0visita\u00a0de grupo. Si est\u00e1 interesado, env\u00ede una solicitud especificando tours, n\u00famero de personas y d\u00edas disponibles. El precio ser\u00e1 a partir de \u20ac15 por persona y se determinar\u00e1 bas\u00e1ndose en el n\u00famero de solicitudes recibidas. La reserva no es vinculante, si el grupo se forma nos pondremos en","og_url":"https:\/\/www.ecodellesirenetour.it\/tour-di-gruppo\/","og_site_name":"L&#039;eco delle sirene","article_modified_time":"2018-10-07T11:36:14+00:00","twitter_card":"summary_large_image","twitter_misc":{"Tiempo de lectura":"1 minuto"},"schema":{"@context":"https:\/\/schema.org","@graph":[{"@type":"WebPage","@id":"https:\/\/www.ecodellesirenetour.it\/tour-di-gruppo\/","url":"https:\/\/www.ecodellesirenetour.it\/tour-di-gruppo\/","name":"Tour en grupo &#8902; L&#039;eco delle sirene","isPartOf":{"@id":"https:\/\/www.ecodellesirenetour.it\/#website"},"datePublished":"2018-10-07T11:35:05+00:00","dateModified":"2018-10-07T11:36:14+00:00","breadcrumb":{"@id":"https:\/\/www.ecodellesirenetour.it\/tour-di-gruppo\/#breadcrumb"},"inLanguage":"es","potentialAction":[{"@type":"ReadAction","target":["https:\/\/www.ecodellesirenetour.it\/tour-di-gruppo\/"]}]},{"@type":"BreadcrumbList","@id":"https:\/\/www.ecodellesirenetour.it\/tour-di-gruppo\/#breadcrumb","itemListElement":[{"@type":"ListItem","position":1,"name":"Home","item":"https:\/\/www.ecodellesirenetour.it\/"},{"@type":"ListItem","position":2,"name":"Tour di gruppo"}]},{"@type":"WebSite","@id":"https:\/\/www.ecodellesirenetour.it\/#website","url":"https:\/\/www.ecodellesirenetour.it\/","name":"L&#039;eco delle sirene","description":"Guide Turistiche a Napoli e dintorni","publisher":{"@id":"https:\/\/www.ecodellesirenetour.it\/#\/schema\/person\/357138cbe00853e64961176e4b1494a4"},"potentialAction":[{"@type":"SearchAction","target":{"@type":"EntryPoint","urlTemplate":"https:\/\/www.ecodellesirenetour.it\/?s={search_term_string}"},"query-input":{"@type":"PropertyValueSpecification","valueRequired":true,"valueName":"search_term_string"}}],"inLanguage":"es"},{"@type":["Person","Organization"],"@id":"https:\/\/www.ecodellesirenetour.it\/#\/schema\/person\/357138cbe00853e64961176e4b1494a4","name":"L'eco delle sirene","image":{"@type":"ImageObject","inLanguage":"es","@id":"https:\/\/www.ecodellesirenetour.it\/#\/schema\/person\/image\/","url":"https:\/\/secure.gravatar.com\/avatar\/fd31534ea0dd0c7a7647dc3ffa50867b1d504f5ff593ff0de7df938950ca3f6d?s=96&d=mm&r=g","contentUrl":"https:\/\/secure.gravatar.com\/avatar\/fd31534ea0dd0c7a7647dc3ffa50867b1d504f5ff593ff0de7df938950ca3f6d?s=96&d=mm&r=g","caption":"L'eco delle sirene"},"logo":{"@id":"https:\/\/www.ecodellesirenetour.it\/#\/schema\/person\/image\/"}}]}},"_links":{"self":[{"href":"https:\/\/www.ecodellesirenetour.it\/es\/wp-json\/wp\/v2\/pages\/899","targetHints":{"allow":["GET"]}}],"collection":[{"href":"https:\/\/www.ecodellesirenetour.it\/es\/wp-json\/wp\/v2\/pages"}],"about":[{"href":"https:\/\/www.ecodellesirenetour.it\/es\/wp-json\/wp\/v2\/types\/page"}],"author":[{"embeddable":true,"href":"https:\/\/www.ecodellesirenetour.it\/es\/wp-json\/wp\/v2\/users\/1"}],"replies":[{"embeddable":true,"href":"https:\/\/www.ecodellesirenetour.it\/es\/wp-json\/wp\/v2\/comments?post=899"}],"version-history":[{"count":5,"href":"https:\/\/www.ecodellesirenetour.it\/es\/wp-json\/wp\/v2\/pages\/899\/revisions"}],"predecessor-version":[{"id":904,"href":"https:\/\/www.ecodellesirenetour.it\/es\/wp-json\/wp\/v2\/pages\/899\/revisions\/904"}],"wp:attachment":[{"href":"https:\/\/www.ecodellesirenetour.it\/es\/wp-json\/wp\/v2\/media?parent=899"}],"curies":[{"name":"wp","href":"https:\/\/api.w.org\/{rel}","templated":true}]}}